{"id":506,"date":"2025-06-17T18:28:12","date_gmt":"2025-06-17T18:28:12","guid":{"rendered":"http:\/\/kemora.fi\/services\/"},"modified":"2026-04-18T09:36:55","modified_gmt":"2026-04-18T09:36:55","slug":"palvelut","status":"publish","type":"page","link":"https:\/\/kemora.fi\/en\/palvelut\/","title":{"rendered":"Services"},"content":{"rendered":"<div data-elementor-type=\"wp-post\" data-elementor-id=\"506\" class=\"elementor elementor-506\">\n\t\t\t\t<div class=\"elementor-element elementor-element-627553f e-flex e-con-boxed e-con e-parent\" data-id=\"627553f\" data-element_type=\"container\" data-e-type=\"container\" data-settings=\"{&quot;background_background&quot;:&quot;classic&quot;}\">\n\t\t\t\t\t<div class=\"e-con-inner\">\n\t\t<div class=\"elementor-element elementor-element-422be9b e-con-full e-flex e-con e-child\" data-id=\"422be9b\" data-element_type=\"container\" data-e-type=\"container\">\n\t\t\t\t<div class=\"elementor-element elementor-element-e4b4478 elementor-widget elementor-widget-heading\" data-id=\"e4b4478\" data-element_type=\"widget\" data-e-type=\"widget\" data-widget_type=\"heading.default\">\n\t\t\t\t<div class=\"elementor-widget-container\">\n\t\t\t\t\t<h1 class=\"elementor-heading-title elementor-size-default\">Services<\/h1>\t\t\t\t<\/div>\n\t\t\t\t<\/div>\n\t\t\t\t<div class=\"elementor-element elementor-element-ee66b00 elementor-widget-divider--view-line elementor-widget elementor-widget-divider\" data-id=\"ee66b00\" data-element_type=\"widget\" data-e-type=\"widget\" data-widget_type=\"divider.default\">\n\t\t\t\t<div class=\"elementor-widget-container\">\n\t\t\t\t\t\t\t<div class=\"elementor-divider\">\n\t\t\t<span class=\"elementor-divider-separator\">\n\t\t\t\t\t\t<\/span>\n\t\t<\/div>\n\t\t\t\t\t\t<\/div>\n\t\t\t\t<\/div>\n\t\t\t\t<\/div>\n\t\t\t\t\t<\/div>\n\t\t\t\t<\/div>\n\t\t<div class=\"elementor-element elementor-element-4a6f76f e-flex e-con-boxed e-con e-parent\" data-id=\"4a6f76f\" data-element_type=\"container\" data-e-type=\"container\">\n\t\t\t\t\t<div class=\"e-con-inner\">\n\t\t\t\t<div class=\"elementor-element elementor-element-bd26733 elementor-widget elementor-widget-text-editor\" data-id=\"bd26733\" data-element_type=\"widget\" data-e-type=\"widget\" data-widget_type=\"text-editor.default\">\n\t\t\t\t<div class=\"elementor-widget-container\">\n\t\t\t\t\t\t\t\t\t<h1>Services<\/h1><p>Kemora race track offers versatile facilities for hobbyists, competitors, and event organizers.<\/p><h4>Track driving and practice<\/h4><p>Kemora\u2019s 2.7 km long asphalt track is great for both track driving and drifting.<\/p><p>Open practice on weekdays (50\u201380 \u20ac \/ 4 hours)<br \/>Drifting and track driving according to the event calendar.<\/p><p>Koko rata on mahdollista varata yksityisk\u00e4ytt\u00f6\u00f6n.<\/p><p>Weekday morning or evening: 600 \u20ac<br \/>Whole weekday: 1,200 \u20ac<br \/>Weekends: 2000\u20ac<\/p><h4>Pit services &amp; equipment<\/h4><p>Available on site:<\/p><p>spacious pit areas, electricity, and showers<br \/>announcement equipment, safety lights, fire truck, ambulance<br \/>towing equipment, sweeper machine<br \/>toilet and waste services<br \/>Restaurant &amp; sauna<br \/>The track restaurant is open during events \u2013 serving lunch, grilled food, and drinks.<br \/>M\u00f6nkij\u00e4<br \/>There is a separate sauna building by the river.<\/p><h4>Accommodation and area services<\/h4><p>Overnight stay at the pit area: 20 \u20ac \/ night (includes electricity and showers)<br \/>Nearby cottage accommodation and hotels (about 12 km in Veteli town center)<\/p><h4>Events<\/h4><p>Upcoming events and available slots are shown in the real-time calendar.<br \/>Registration for competitions and driving days can be done online directly.<\/p>\t\t\t\t\t\t\t\t<\/div>\n\t\t\t\t<\/div>\n\t\t<div class=\"elementor-element elementor-element-bfea64f e-con-full e-flex e-con e-child\" data-id=\"bfea64f\" data-element_type=\"container\" data-e-type=\"container\">\n\t\t\t\t<div class=\"elementor-element elementor-element-4c331f5 elementor-position-top elementor-widget elementor-widget-image-box\" data-id=\"4c331f5\" data-element_type=\"widget\" data-e-type=\"widget\" data-widget_type=\"image-box.default\">\n\t\t\t\t<div class=\"elementor-widget-container\">\n\t\t\t\t\t<div class=\"elementor-image-box-wrapper\"><figure class=\"elementor-image-box-img\"><img fetchpriority=\"high\" decoding=\"async\" width=\"2560\" height=\"1920\" src=\"https:\/\/kemora.fi\/wp-content\/uploads\/2026\/04\/IMG_3835-scaled.jpg\" class=\"attachment-full size-full wp-image-1529\" alt=\"\" srcset=\"https:\/\/kemora.fi\/wp-content\/uploads\/2026\/04\/IMG_3835-scaled.jpg 2560w, https:\/\/kemora.fi\/wp-content\/uploads\/2026\/04\/IMG_3835-300x225.jpg 300w, https:\/\/kemora.fi\/wp-content\/uploads\/2026\/04\/IMG_3835-1024x768.jpg 1024w, https:\/\/kemora.fi\/wp-content\/uploads\/2026\/04\/IMG_3835-768x576.jpg 768w, https:\/\/kemora.fi\/wp-content\/uploads\/2026\/04\/IMG_3835-1536x1152.jpg 1536w, https:\/\/kemora.fi\/wp-content\/uploads\/2026\/04\/IMG_3835-2048x1536.jpg 2048w, https:\/\/kemora.fi\/wp-content\/uploads\/2026\/04\/IMG_3835-16x12.jpg 16w, https:\/\/kemora.fi\/wp-content\/uploads\/2026\/04\/IMG_3835-600x450.jpg 600w\" sizes=\"(max-width: 2560px) 100vw, 2560px\" \/><\/figure><div class=\"elementor-image-box-content\"><h3 class=\"elementor-image-box-title\">Sauna<\/h3><\/div><\/div>\t\t\t\t<\/div>\n\t\t\t\t<\/div>\n\t\t\t\t<div class=\"elementor-element elementor-element-64061e6 elementor-position-top elementor-widget elementor-widget-image-box\" data-id=\"64061e6\" data-element_type=\"widget\" data-e-type=\"widget\" data-widget_type=\"image-box.default\">\n\t\t\t\t<div class=\"elementor-widget-container\">\n\t\t\t\t\t<div class=\"elementor-image-box-wrapper\"><figure class=\"elementor-image-box-img\"><img decoding=\"async\" width=\"2560\" height=\"1702\" src=\"https:\/\/kemora.fi\/wp-content\/uploads\/2025\/07\/DSC0467-scaled.jpg\" class=\"attachment-full size-full wp-image-1264\" alt=\"\" srcset=\"https:\/\/kemora.fi\/wp-content\/uploads\/2025\/07\/DSC0467-scaled.jpg 2560w, https:\/\/kemora.fi\/wp-content\/uploads\/2025\/07\/DSC0467-scaled-600x399.jpg 600w, https:\/\/kemora.fi\/wp-content\/uploads\/2025\/07\/DSC0467-300x199.jpg 300w, https:\/\/kemora.fi\/wp-content\/uploads\/2025\/07\/DSC0467-1024x681.jpg 1024w, https:\/\/kemora.fi\/wp-content\/uploads\/2025\/07\/DSC0467-768x511.jpg 768w, https:\/\/kemora.fi\/wp-content\/uploads\/2025\/07\/DSC0467-1536x1021.jpg 1536w, https:\/\/kemora.fi\/wp-content\/uploads\/2025\/07\/DSC0467-2048x1362.jpg 2048w\" sizes=\"(max-width: 2560px) 100vw, 2560px\" \/><\/figure><div class=\"elementor-image-box-content\"><h3 class=\"elementor-image-box-title\">Restaurant<\/h3><\/div><\/div>\t\t\t\t<\/div>\n\t\t\t\t<\/div>\n\t\t\t\t<div class=\"elementor-element elementor-element-9f14da5 elementor-position-top elementor-widget elementor-widget-image-box\" data-id=\"9f14da5\" data-element_type=\"widget\" data-e-type=\"widget\" data-widget_type=\"image-box.default\">\n\t\t\t\t<div class=\"elementor-widget-container\">\n\t\t\t\t\t<div class=\"elementor-image-box-wrapper\"><figure class=\"elementor-image-box-img\"><img decoding=\"async\" width=\"2560\" height=\"1920\" src=\"https:\/\/kemora.fi\/wp-content\/uploads\/2025\/07\/DJI_0046-scaled.jpg\" class=\"attachment-full size-full wp-image-1241\" alt=\"\" srcset=\"https:\/\/kemora.fi\/wp-content\/uploads\/2025\/07\/DJI_0046-scaled.jpg 2560w, https:\/\/kemora.fi\/wp-content\/uploads\/2025\/07\/DJI_0046-scaled-600x450.jpg 600w, https:\/\/kemora.fi\/wp-content\/uploads\/2025\/07\/DJI_0046-300x225.jpg 300w, https:\/\/kemora.fi\/wp-content\/uploads\/2025\/07\/DJI_0046-1024x768.jpg 1024w, https:\/\/kemora.fi\/wp-content\/uploads\/2025\/07\/DJI_0046-768x576.jpg 768w, https:\/\/kemora.fi\/wp-content\/uploads\/2025\/07\/DJI_0046-1536x1152.jpg 1536w, https:\/\/kemora.fi\/wp-content\/uploads\/2025\/07\/DJI_0046-2048x1536.jpg 2048w\" sizes=\"(max-width: 2560px) 100vw, 2560px\" \/><\/figure><div class=\"elementor-image-box-content\"><h3 class=\"elementor-image-box-title\">Office<\/h3><\/div><\/div>\t\t\t\t<\/div>\n\t\t\t\t<\/div>\n\t\t\t\t<\/div>\n\t\t\t\t\t<\/div>\n\t\t\t\t<\/div>\n\t\t\t\t<\/div>","protected":false},"excerpt":{"rendered":"<p>Palvelut Palvelut Kemoran moottorirata tarjoaa monipuoliset puitteet harrastajille, kilpailijoille ja tapahtumaj\u00e4rjest\u00e4jille. Rata-ajot ja harjoittelu Kemoran 2,7 km pitk\u00e4 asfaltoitu rata soveltuu erinomaisesti niin rata-ajoon kuin driftingiin. Vapaa harjoittelu arkisin (50\u201380 \u20ac \/ 4 h)Drifting ja rata-ajot tapahtumakalenterin mukaan. Koko rata on mahdollista varata yksityisk\u00e4ytt\u00f6\u00f6n. Arkiaamu tai -ilta: 600 \u20acArkikoko p\u00e4iv\u00e4: 1 200 \u20acViikonloput: 2 000 [&hellip;]<\/p>\n","protected":false},"author":1,"featured_media":0,"parent":0,"menu_order":0,"comment_status":"closed","ping_status":"closed","template":"","meta":{"_monsterinsights_skip_tracking":false,"_monsterinsights_sitenote_active":false,"_monsterinsights_sitenote_note":"","_monsterinsights_sitenote_category":0,"site-sidebar-layout":"no-sidebar","site-content-layout":"page-builder","ast-site-content-layout":"full-width-container","site-content-style":"unboxed","site-sidebar-style":"unboxed","ast-global-header-display":"","ast-banner-title-visibility":"","ast-main-header-display":"","ast-hfb-above-header-display":"","ast-hfb-below-header-display":"","ast-hfb-mobile-header-display":"","site-post-title":"disabled","ast-breadcrumbs-content":"","ast-featured-img":"disabled","footer-sml-layout":"","ast-disable-related-posts":"","theme-transparent-header-meta":"enabled","adv-header-id-meta":"","stick-header-meta":"","header-above-stick-meta":"","header-main-stick-meta":"","header-below-stick-meta":"","astra-migrate-meta-layouts":"set","ast-page-background-enabled":"default","ast-page-background-meta":{"desktop":{"background-color":"","background-image":"","background-repeat":"repeat","background-position":"center center","background-size":"auto","background-attachment":"scroll","background-type":"","background-media":"","overlay-type":"","overlay-color":"","overlay-opacity":"","overlay-gradient":""},"tablet":{"background-color":"","background-image":"","background-repeat":"repeat","background-position":"center center","background-size":"auto","background-attachment":"scroll","background-type":"","background-media":"","overlay-type":"","overlay-color":"","overlay-opacity":"","overlay-gradient":""},"mobile":{"background-color":"","background-image":"","background-repeat":"repeat","background-position":"center center","background-size":"auto","background-attachment":"scroll","background-type":"","background-media":"","overlay-type":"","overlay-color":"","overlay-opacity":"","overlay-gradient":""}},"ast-content-background-meta":{"desktop":{"background-color":"var(--ast-global-color-5)","background-image":"","background-repeat":"repeat","background-position":"center center","background-size":"auto","background-attachment":"scroll","background-type":"","background-media":"","overlay-type":"","overlay-color":"","overlay-opacity":"","overlay-gradient":""},"tablet":{"background-color":"var(--ast-global-color-5)","background-image":"","background-repeat":"repeat","background-position":"center center","background-size":"auto","background-attachment":"scroll","background-type":"","background-media":"","overlay-type":"","overlay-color":"","overlay-opacity":"","overlay-gradient":""},"mobile":{"background-color":"var(--ast-global-color-5)","background-image":"","background-repeat":"repeat","background-position":"center center","background-size":"auto","background-attachment":"scroll","background-type":"","background-media":"","overlay-type":"","overlay-color":"","overlay-opacity":"","overlay-gradient":""}},"footnotes":""},"class_list":["post-506","page","type-page","status-publish","hentry"],"yoast_head":"<!-- This site is optimized with the Yoast SEO plugin v27.4 - https:\/\/yoast.com\/product\/yoast-seo-wordpress\/ -->\n<title>Palvelut - kemora<\/title>\n<meta name=\"robots\" content=\"index, follow, max-snippet:-1, max-image-preview:large, max-video-preview:-1\" \/>\n<link rel=\"canonical\" href=\"https:\/\/kemora.fi\/en\/palvelut\/\" \/>\n<meta property=\"og:locale\" content=\"en_US\" \/>\n<meta property=\"og:type\" content=\"article\" \/>\n<meta property=\"og:title\" content=\"Palvelut - kemora\" \/>\n<meta property=\"og:description\" content=\"Palvelut Palvelut Kemoran moottorirata tarjoaa monipuoliset puitteet harrastajille, kilpailijoille ja tapahtumaj\u00e4rjest\u00e4jille. Rata-ajot ja harjoittelu Kemoran 2,7 km pitk\u00e4 asfaltoitu rata soveltuu erinomaisesti niin rata-ajoon kuin driftingiin. Vapaa harjoittelu arkisin (50\u201380 \u20ac \/ 4 h)Drifting ja rata-ajot tapahtumakalenterin mukaan. Koko rata on mahdollista varata yksityisk\u00e4ytt\u00f6\u00f6n. Arkiaamu tai -ilta: 600 \u20acArkikoko p\u00e4iv\u00e4: 1 200 \u20acViikonloput: 2 000 [&hellip;]\" \/>\n<meta property=\"og:url\" content=\"https:\/\/kemora.fi\/en\/palvelut\/\" \/>\n<meta property=\"og:site_name\" content=\"kemora\" \/>\n<meta property=\"article:modified_time\" content=\"2026-04-18T09:36:55+00:00\" \/>\n<meta property=\"og:image\" content=\"http:\/\/kemora.fi\/wp-content\/uploads\/2026\/04\/IMG_3835-scaled.jpg\" \/>\n<meta name=\"twitter:card\" content=\"summary_large_image\" \/>\n<meta name=\"twitter:label1\" content=\"Est. reading time\" \/>\n\t<meta name=\"twitter:data1\" content=\"2 minutes\" \/>\n<script type=\"application\/ld+json\" class=\"yoast-schema-graph\">{\"@context\":\"https:\\\/\\\/schema.org\",\"@graph\":[{\"@type\":\"WebPage\",\"@id\":\"https:\\\/\\\/kemora.fi\\\/palvelut\\\/\",\"url\":\"https:\\\/\\\/kemora.fi\\\/palvelut\\\/\",\"name\":\"Palvelut - kemora\",\"isPartOf\":{\"@id\":\"https:\\\/\\\/kemora.fi\\\/#website\"},\"primaryImageOfPage\":{\"@id\":\"https:\\\/\\\/kemora.fi\\\/palvelut\\\/#primaryimage\"},\"image\":{\"@id\":\"https:\\\/\\\/kemora.fi\\\/palvelut\\\/#primaryimage\"},\"thumbnailUrl\":\"http:\\\/\\\/kemora.fi\\\/wp-content\\\/uploads\\\/2026\\\/04\\\/IMG_3835-scaled.jpg\",\"datePublished\":\"2025-06-17T18:28:12+00:00\",\"dateModified\":\"2026-04-18T09:36:55+00:00\",\"breadcrumb\":{\"@id\":\"https:\\\/\\\/kemora.fi\\\/palvelut\\\/#breadcrumb\"},\"inLanguage\":\"en-US\",\"potentialAction\":[{\"@type\":\"ReadAction\",\"target\":[\"https:\\\/\\\/kemora.fi\\\/palvelut\\\/\"]}]},{\"@type\":\"ImageObject\",\"inLanguage\":\"en-US\",\"@id\":\"https:\\\/\\\/kemora.fi\\\/palvelut\\\/#primaryimage\",\"url\":\"http:\\\/\\\/kemora.fi\\\/wp-content\\\/uploads\\\/2026\\\/04\\\/IMG_3835-scaled.jpg\",\"contentUrl\":\"http:\\\/\\\/kemora.fi\\\/wp-content\\\/uploads\\\/2026\\\/04\\\/IMG_3835-scaled.jpg\"},{\"@type\":\"BreadcrumbList\",\"@id\":\"https:\\\/\\\/kemora.fi\\\/palvelut\\\/#breadcrumb\",\"itemListElement\":[{\"@type\":\"ListItem\",\"position\":1,\"name\":\"Home\",\"item\":\"https:\\\/\\\/kemora.fi\\\/\"},{\"@type\":\"ListItem\",\"position\":2,\"name\":\"Palvelut\"}]},{\"@type\":\"WebSite\",\"@id\":\"https:\\\/\\\/kemora.fi\\\/#website\",\"url\":\"https:\\\/\\\/kemora.fi\\\/\",\"name\":\"kemora\",\"description\":\"Moottorirata Keskipohjanmaalla\",\"publisher\":{\"@id\":\"https:\\\/\\\/kemora.fi\\\/#organization\"},\"potentialAction\":[{\"@type\":\"SearchAction\",\"target\":{\"@type\":\"EntryPoint\",\"urlTemplate\":\"https:\\\/\\\/kemora.fi\\\/?s={search_term_string}\"},\"query-input\":{\"@type\":\"PropertyValueSpecification\",\"valueRequired\":true,\"valueName\":\"search_term_string\"}}],\"inLanguage\":\"en-US\"},{\"@type\":\"Organization\",\"@id\":\"https:\\\/\\\/kemora.fi\\\/#organization\",\"name\":\"Kemora\",\"url\":\"https:\\\/\\\/kemora.fi\\\/\",\"logo\":{\"@type\":\"ImageObject\",\"inLanguage\":\"en-US\",\"@id\":\"https:\\\/\\\/kemora.fi\\\/#\\\/schema\\\/logo\\\/image\\\/\",\"url\":\"https:\\\/\\\/kemora.fi\\\/wp-content\\\/uploads\\\/2025\\\/06\\\/kemora-ei-taustaa.webp\",\"contentUrl\":\"https:\\\/\\\/kemora.fi\\\/wp-content\\\/uploads\\\/2025\\\/06\\\/kemora-ei-taustaa.webp\",\"width\":788,\"height\":638,\"caption\":\"Kemora\"},\"image\":{\"@id\":\"https:\\\/\\\/kemora.fi\\\/#\\\/schema\\\/logo\\\/image\\\/\"}}]}<\/script>\n<!-- \/ Yoast SEO plugin. -->","yoast_head_json":{"title":"Palvelut - kemora","robots":{"index":"index","follow":"follow","max-snippet":"max-snippet:-1","max-image-preview":"max-image-preview:large","max-video-preview":"max-video-preview:-1"},"canonical":"https:\/\/kemora.fi\/en\/palvelut\/","og_locale":"en_US","og_type":"article","og_title":"Palvelut - kemora","og_description":"Palvelut Palvelut Kemoran moottorirata tarjoaa monipuoliset puitteet harrastajille, kilpailijoille ja tapahtumaj\u00e4rjest\u00e4jille. Rata-ajot ja harjoittelu Kemoran 2,7 km pitk\u00e4 asfaltoitu rata soveltuu erinomaisesti niin rata-ajoon kuin driftingiin. Vapaa harjoittelu arkisin (50\u201380 \u20ac \/ 4 h)Drifting ja rata-ajot tapahtumakalenterin mukaan. Koko rata on mahdollista varata yksityisk\u00e4ytt\u00f6\u00f6n. Arkiaamu tai -ilta: 600 \u20acArkikoko p\u00e4iv\u00e4: 1 200 \u20acViikonloput: 2 000 [&hellip;]","og_url":"https:\/\/kemora.fi\/en\/palvelut\/","og_site_name":"kemora","article_modified_time":"2026-04-18T09:36:55+00:00","og_image":[{"url":"http:\/\/kemora.fi\/wp-content\/uploads\/2026\/04\/IMG_3835-scaled.jpg","type":"","width":"","height":""}],"twitter_card":"summary_large_image","twitter_misc":{"Est. reading time":"2 minutes"},"schema":{"@context":"https:\/\/schema.org","@graph":[{"@type":"WebPage","@id":"https:\/\/kemora.fi\/palvelut\/","url":"https:\/\/kemora.fi\/palvelut\/","name":"Palvelut - kemora","isPartOf":{"@id":"https:\/\/kemora.fi\/#website"},"primaryImageOfPage":{"@id":"https:\/\/kemora.fi\/palvelut\/#primaryimage"},"image":{"@id":"https:\/\/kemora.fi\/palvelut\/#primaryimage"},"thumbnailUrl":"http:\/\/kemora.fi\/wp-content\/uploads\/2026\/04\/IMG_3835-scaled.jpg","datePublished":"2025-06-17T18:28:12+00:00","dateModified":"2026-04-18T09:36:55+00:00","breadcrumb":{"@id":"https:\/\/kemora.fi\/palvelut\/#breadcrumb"},"inLanguage":"en-US","potentialAction":[{"@type":"ReadAction","target":["https:\/\/kemora.fi\/palvelut\/"]}]},{"@type":"ImageObject","inLanguage":"en-US","@id":"https:\/\/kemora.fi\/palvelut\/#primaryimage","url":"http:\/\/kemora.fi\/wp-content\/uploads\/2026\/04\/IMG_3835-scaled.jpg","contentUrl":"http:\/\/kemora.fi\/wp-content\/uploads\/2026\/04\/IMG_3835-scaled.jpg"},{"@type":"BreadcrumbList","@id":"https:\/\/kemora.fi\/palvelut\/#breadcrumb","itemListElement":[{"@type":"ListItem","position":1,"name":"Home","item":"https:\/\/kemora.fi\/"},{"@type":"ListItem","position":2,"name":"Palvelut"}]},{"@type":"WebSite","@id":"https:\/\/kemora.fi\/#website","url":"https:\/\/kemora.fi\/","name":"kemora","description":"Moottorirata Keskipohjanmaalla","publisher":{"@id":"https:\/\/kemora.fi\/#organization"},"potentialAction":[{"@type":"SearchAction","target":{"@type":"EntryPoint","urlTemplate":"https:\/\/kemora.fi\/?s={search_term_string}"},"query-input":{"@type":"PropertyValueSpecification","valueRequired":true,"valueName":"search_term_string"}}],"inLanguage":"en-US"},{"@type":"Organization","@id":"https:\/\/kemora.fi\/#organization","name":"Kemora","url":"https:\/\/kemora.fi\/","logo":{"@type":"ImageObject","inLanguage":"en-US","@id":"https:\/\/kemora.fi\/#\/schema\/logo\/image\/","url":"https:\/\/kemora.fi\/wp-content\/uploads\/2025\/06\/kemora-ei-taustaa.webp","contentUrl":"https:\/\/kemora.fi\/wp-content\/uploads\/2025\/06\/kemora-ei-taustaa.webp","width":788,"height":638,"caption":"Kemora"},"image":{"@id":"https:\/\/kemora.fi\/#\/schema\/logo\/image\/"}}]}},"_links":{"self":[{"href":"https:\/\/kemora.fi\/en\/wp-json\/wp\/v2\/pages\/506","targetHints":{"allow":["GET"]}}],"collection":[{"href":"https:\/\/kemora.fi\/en\/wp-json\/wp\/v2\/pages"}],"about":[{"href":"https:\/\/kemora.fi\/en\/wp-json\/wp\/v2\/types\/page"}],"author":[{"embeddable":true,"href":"https:\/\/kemora.fi\/en\/wp-json\/wp\/v2\/users\/1"}],"replies":[{"embeddable":true,"href":"https:\/\/kemora.fi\/en\/wp-json\/wp\/v2\/comments?post=506"}],"version-history":[{"count":26,"href":"https:\/\/kemora.fi\/en\/wp-json\/wp\/v2\/pages\/506\/revisions"}],"predecessor-version":[{"id":1532,"href":"https:\/\/kemora.fi\/en\/wp-json\/wp\/v2\/pages\/506\/revisions\/1532"}],"wp:attachment":[{"href":"https:\/\/kemora.fi\/en\/wp-json\/wp\/v2\/media?parent=506"}],"curies":[{"name":"wp","href":"https:\/\/api.w.org\/{rel}","templated":true}]}}