{"id":508,"date":"2025-06-17T18:28:12","date_gmt":"2025-06-17T18:28:12","guid":{"rendered":"http:\/\/kemora.fi\/contact\/"},"modified":"2026-04-01T16:10:22","modified_gmt":"2026-04-01T16:10:22","slug":"ota-yhteytta","status":"publish","type":"page","link":"https:\/\/kemora.fi\/?page_id=508","title":{"rendered":"Ota yhteytt\u00e4"},"content":{"rendered":"\t\t<div data-elementor-type=\"wp-post\" data-elementor-id=\"508\" class=\"elementor elementor-508\">\n\t\t\t\t<div class=\"elementor-element elementor-element-a0fb02c e-flex e-con-boxed e-con e-parent\" data-id=\"a0fb02c\" data-element_type=\"container\" data-e-type=\"container\" data-settings=\"{&quot;background_background&quot;:&quot;classic&quot;}\">\n\t\t\t\t\t<div class=\"e-con-inner\">\n\t\t<div class=\"elementor-element elementor-element-45933ab e-con-full e-flex e-con e-child\" data-id=\"45933ab\" data-element_type=\"container\" data-e-type=\"container\">\n\t\t\t\t<div class=\"elementor-element elementor-element-a452ee8 elementor-widget elementor-widget-heading\" data-id=\"a452ee8\" data-element_type=\"widget\" data-e-type=\"widget\" data-widget_type=\"heading.default\">\n\t\t\t\t<div class=\"elementor-widget-container\">\n\t\t\t\t\t<h1 class=\"elementor-heading-title elementor-size-default\">Ota yhteytt\u00e4<\/h1>\t\t\t\t<\/div>\n\t\t\t\t<\/div>\n\t\t\t\t<\/div>\n\t\t\t\t\t<\/div>\n\t\t\t\t<\/div>\n\t\t<div class=\"elementor-element elementor-element-0633382 e-flex e-con-boxed e-con e-parent\" data-id=\"0633382\" data-element_type=\"container\" data-e-type=\"container\">\n\t\t\t\t\t<div class=\"e-con-inner\">\n\t\t<div class=\"elementor-element elementor-element-31c7c8e e-con-full e-flex e-con e-child\" data-id=\"31c7c8e\" data-element_type=\"container\" data-e-type=\"container\">\n\t\t\t\t<div class=\"elementor-element elementor-element-272ff25 elementor-widget elementor-widget-text-editor\" data-id=\"272ff25\" data-element_type=\"widget\" data-e-type=\"widget\" data-widget_type=\"text-editor.default\">\n\t\t\t\t<div class=\"elementor-widget-container\">\n\t\t\t\t\t\t\t\t\t<h2>YHTEYSTIEDOT<\/h2><h4>KEMORAN MOOTTORIRATA<\/h4><p>Kemorantie\u00a0161,<br \/>69750 VETELI<br \/>y-tunnus 2616096-9<\/p><p><strong>Verkkolaskuna\u00a0\u00a0<\/strong>003726160969<br \/><strong>Verkkolaskujen v\u00e4litt\u00e4j\u00e4<\/strong>\u00a0 003708599126 (OpenText)\u00a0<\/p><h4>RADAT, PALVELUT JA HALLINTO<\/h4><p>Juha-Pekka Lipponen<br \/><a href=\"mailto:juha-pekka.lipponen@kemora.fi\">juha-pekka.lipponen@kemora.fi<\/a><\/p><p><a href=\"tel: +358445403219\">044 540 3219<\/a><\/p><h4><strong><span class=\"x193iq5w xeuugli x13faqbe x1vvkbs x1xmvt09 x1lliihq x1s928wv xhkezso x1gmr53x x1cpjm7i x1fgarty x1943h6x xudqn12 x3x7a5m x6prxxf xvq8zen xo1l8bm xzsf02u x1yc453h\" dir=\"auto\">Kemoran moottoriradan ravintola palvelee Kemoran tapahtumissa sek\u00e4 tilauksesta! <\/span><\/strong><\/h4><div class=\"x11i5rnm xat24cr x1mh8g0r x1vvkbs xtlvy1s x126k92a\"><div dir=\"auto\"><a href=\"mailto:ravintola@hevideli.fi\"><span class=\"x193iq5w xeuugli x13faqbe x1vvkbs x1xmvt09 x1lliihq x1s928wv xhkezso x1gmr53x x1cpjm7i x1fgarty x1943h6x xudqn12 x3x7a5m x6prxxf xvq8zen xo1l8bm xzsf02u x1yc453h\" dir=\"auto\">ravintola@hevideli.fi<\/span><\/a><\/div><div dir=\"auto\"><a href=\"mailto:jenni@hevideli.fi\"><span class=\"x193iq5w xeuugli x13faqbe x1vvkbs x1xmvt09 x1lliihq x1s928wv xhkezso x1gmr53x x1cpjm7i x1fgarty x1943h6x xudqn12 x3x7a5m x6prxxf xvq8zen xo1l8bm xzsf02u x1yc453h\" dir=\"auto\">jenni@hevideli.fi<\/span><\/a><\/div><div dir=\"auto\"><a style=\"font-size: 16px;\" href=\"tel: +358 452192869\"><span class=\"x193iq5w xeuugli x13faqbe x1vvkbs x1xmvt09 x1lliihq x1s928wv xhkezso x1gmr53x x1cpjm7i x1fgarty x1943h6x xudqn12 x3x7a5m x6prxxf xvq8zen xo1l8bm xzsf02u x1yc453h\" dir=\"auto\">045 219 2869<\/span><\/a><\/div><\/div>\t\t\t\t\t\t\t\t<\/div>\n\t\t\t\t<\/div>\n\t\t\t\t<\/div>\n\t\t\t\t<div class=\"elementor-element elementor-element-0bc0843 elementor-widget elementor-widget-shortcode\" data-id=\"0bc0843\" data-element_type=\"widget\" data-e-type=\"widget\" data-widget_type=\"shortcode.default\">\n\t\t\t\t<div class=\"elementor-widget-container\">\n\t\t\t\t\t\t\t<div class=\"elementor-shortcode\"><div class=\"forminator-ui forminator-custom-form forminator-custom-form-1136 forminator-design--default  forminator_ajax\" data-forminator-render=\"0\" data-form=\"forminator-module-1136\" data-uid=\"69e2ecce9ed7d\"><br\/><\/div><form\n\t\t\t\tid=\"forminator-module-1136\"\n\t\t\t\tclass=\"forminator-ui forminator-custom-form forminator-custom-form-1136 forminator-design--default  forminator_ajax\"\n\t\t\t\tmethod=\"post\"\n\t\t\t\tdata-forminator-render=\"0\"\n\t\t\t\tdata-form-id=\"1136\"\n\t\t\t\t data-color-option=\"theme\" data-design=\"default\" data-grid=\"open\" style=\"display: none;\"\n\t\t\t\tdata-uid=\"69e2ecce9ed7d\"\n\t\t\t><div role=\"alert\" aria-live=\"polite\" class=\"forminator-response-message forminator-error\" aria-hidden=\"true\"><\/div><div class=\"forminator-row\"><div id=\"name-1\" class=\"forminator-field-name forminator-col forminator-col-4 \"><div class=\"forminator-field\"><label for=\"forminator-field-name-1_69e2ecce9ed7d\" id=\"forminator-field-name-1_69e2ecce9ed7d-label\" class=\"forminator-label\">Nimi<\/label><input type=\"text\" name=\"name-1\" value=\"\" placeholder=\"\" id=\"forminator-field-name-1_69e2ecce9ed7d\" class=\"forminator-input forminator-name--field\" aria-required=\"false\" autocomplete=\"name\" \/><\/div><\/div><div id=\"email-1\" class=\"forminator-field-email forminator-col forminator-col-4 \"><div class=\"forminator-field\"><label for=\"forminator-field-email-1_69e2ecce9ed7d\" id=\"forminator-field-email-1_69e2ecce9ed7d-label\" class=\"forminator-label\">S\u00e4hk\u00f6posti<\/label><input type=\"email\" name=\"email-1\" value=\"\" placeholder=\"\" id=\"forminator-field-email-1_69e2ecce9ed7d\" class=\"forminator-input forminator-email--field\" data-required=\"\" aria-required=\"false\" autocomplete=\"email\" \/><\/div><\/div><div id=\"phone-1\" class=\"forminator-field-phone forminator-col forminator-col-4 \"><div class=\"forminator-field\"><label for=\"forminator-field-phone-1_69e2ecce9ed7d\" id=\"forminator-field-phone-1_69e2ecce9ed7d-label\" class=\"forminator-label\">Puhelin<\/label><input type=\"text\" name=\"phone-1\" value=\"\" placeholder=\"\" id=\"forminator-field-phone-1_69e2ecce9ed7d\" class=\"forminator-input forminator-field--phone\" data-required=\"\" aria-required=\"false\" autocomplete=\"off\" \/><\/div><\/div><\/div><div class=\"forminator-row\"><div id=\"textarea-1\" class=\"forminator-field-textarea forminator-col forminator-col-12 \"><div class=\"forminator-field\"><label for=\"forminator-field-textarea-1_69e2ecce9ed7d\" id=\"forminator-field-textarea-1_69e2ecce9ed7d-label\" class=\"forminator-label\">Viesti<\/label><textarea name=\"textarea-1\" placeholder=\"\" id=\"forminator-field-textarea-1_69e2ecce9ed7d\" class=\"forminator-textarea\" rows=\"6\" style=\"min-height:140px;\" ><\/textarea><\/div><\/div><\/div><div class=\"forminator-row\" style=\"margin: 0;\"><div id=\"captcha-1\" class=\"forminator-field-captcha  forminator-col-12 \"><div class=\"forminator-captcha-left forminator-g-recaptcha recaptcha-invisible\" data-theme=\"light\" data-badge=\"bottomright\" data-sitekey=\"6LcecbwsAAAAAPAfMOp7mq70s5DUdR7N9yW83ujR\" data-size=\"invisible\"><\/div> <\/div><\/div><input type=\"hidden\" name=\"referer_url\" value=\"\" \/><div class=\"forminator-row forminator-row-last\"><div class=\"forminator-col\"><div class=\"forminator-field\"><button class=\"forminator-button forminator-button-submit\">L&auml;het&auml;<\/button><\/div><\/div><\/div><input type=\"hidden\" id=\"forminator_nonce\" name=\"forminator_nonce\" value=\"07bd2b9f07\" \/><input type=\"hidden\" name=\"_wp_http_referer\" value=\"\/index.php?rest_route=%2Fwp%2Fv2%2Fpages%2F508\" \/><input type=\"hidden\" name=\"form_id\" value=\"1136\"><input type=\"hidden\" name=\"page_id\" value=\"508\"><input type=\"hidden\" name=\"form_type\" value=\"default\"><input type=\"hidden\" name=\"current_url\" value=\"https:\/\/kemora.fi\/?page_id=508\"><input type=\"hidden\" name=\"render_id\" value=\"0\"><input type=\"hidden\" name=\"action\" value=\"forminator_submit_form_custom-forms\"><\/form><\/div>\n\t\t\t\t\t\t<\/div>\n\t\t\t\t<\/div>\n\t\t\t\t\t<\/div>\n\t\t\t\t<\/div>\n\t\t<div class=\"elementor-element elementor-element-03b70b4 e-con-full e-flex e-con e-parent\" data-id=\"03b70b4\" data-element_type=\"container\" data-e-type=\"container\" data-settings=\"{&quot;background_background&quot;:&quot;classic&quot;}\">\n\t\t<div class=\"elementor-element elementor-element-d90eb3c e-con-full e-flex e-con e-child\" data-id=\"d90eb3c\" data-element_type=\"container\" data-e-type=\"container\">\n\t\t\t\t<div class=\"elementor-element elementor-element-bdd9b8c elementor-widget elementor-widget-google_maps\" data-id=\"bdd9b8c\" data-element_type=\"widget\" data-e-type=\"widget\" data-widget_type=\"google_maps.default\">\n\t\t\t\t<div class=\"elementor-widget-container\">\n\t\t\t\t\t\t\t<div class=\"elementor-custom-embed\">\n\t\t\t<iframe loading=\"lazy\"\n\t\t\t\t\tsrc=\"https:\/\/maps.google.com\/maps?q=kemoran%20moottorirata&#038;t=m&#038;z=11&#038;output=embed&#038;iwloc=near\"\n\t\t\t\t\ttitle=\"kemoran moottorirata\"\n\t\t\t\t\taria-label=\"kemoran moottorirata\"\n\t\t\t><\/iframe>\n\t\t<\/div>\n\t\t\t\t\t\t<\/div>\n\t\t\t\t<\/div>\n\t\t\t\t<\/div>\n\t\t\t\t<\/div>\n\t\t\t\t<\/div>\n\t\t","protected":false},"excerpt":{"rendered":"<p>Ota yhteytt\u00e4 YHTEYSTIEDOT KEMORAN MOOTTORIRATA Kemorantie\u00a0161,69750 VETELIy-tunnus 2616096-9 Verkkolaskuna\u00a0\u00a0003726160969Verkkolaskujen v\u00e4litt\u00e4j\u00e4\u00a0 003708599126 (OpenText)\u00a0 RADAT, PALVELUT JA HALLINTO Juha-Pekka Lipponenjuha-pekka.lipponen@kemora.fi 044 540 3219 Kemoran moottoriradan ravintola palvelee Kemoran tapahtumissa sek\u00e4 tilauksesta! ravintola@hevideli.fijenni@hevideli.fi045 219 2869<\/p>\n","protected":false},"author":1,"featured_media":0,"parent":0,"menu_order":0,"comment_status":"closed","ping_status":"closed","template":"","meta":{"_monsterinsights_skip_tracking":false,"_monsterinsights_sitenote_active":false,"_monsterinsights_sitenote_note":"","_monsterinsights_sitenote_category":0,"site-sidebar-layout":"no-sidebar","site-content-layout":"page-builder","ast-site-content-layout":"full-width-container","site-content-style":"unboxed","site-sidebar-style":"unboxed","ast-global-header-display":"","ast-banner-title-visibility":"","ast-main-header-display":"","ast-hfb-above-header-display":"","ast-hfb-below-header-display":"","ast-hfb-mobile-header-display":"","site-post-title":"disabled","ast-breadcrumbs-content":"","ast-featured-img":"disabled","footer-sml-layout":"","ast-disable-related-posts":"","theme-transparent-header-meta":"enabled","adv-header-id-meta":"","stick-header-meta":"","header-above-stick-meta":"","header-main-stick-meta":"","header-below-stick-meta":"","astra-migrate-meta-layouts":"set","ast-page-background-enabled":"default","ast-page-background-meta":{"desktop":{"background-color":"","background-image":"","background-repeat":"repeat","background-position":"center center","background-size":"auto","background-attachment":"scroll","background-type":"","background-media":"","overlay-type":"","overlay-color":"","overlay-opacity":"","overlay-gradient":""},"tablet":{"background-color":"","background-image":"","background-repeat":"repeat","background-position":"center center","background-size":"auto","background-attachment":"scroll","background-type":"","background-media":"","overlay-type":"","overlay-color":"","overlay-opacity":"","overlay-gradient":""},"mobile":{"background-color":"","background-image":"","background-repeat":"repeat","background-position":"center center","background-size":"auto","background-attachment":"scroll","background-type":"","background-media":"","overlay-type":"","overlay-color":"","overlay-opacity":"","overlay-gradient":""}},"ast-content-background-meta":{"desktop":{"background-color":"var(--ast-global-color-5)","background-image":"","background-repeat":"repeat","background-position":"center center","background-size":"auto","background-attachment":"scroll","background-type":"","background-media":"","overlay-type":"","overlay-color":"","overlay-opacity":"","overlay-gradient":""},"tablet":{"background-color":"var(--ast-global-color-5)","background-image":"","background-repeat":"repeat","background-position":"center center","background-size":"auto","background-attachment":"scroll","background-type":"","background-media":"","overlay-type":"","overlay-color":"","overlay-opacity":"","overlay-gradient":""},"mobile":{"background-color":"var(--ast-global-color-5)","background-image":"","background-repeat":"repeat","background-position":"center center","background-size":"auto","background-attachment":"scroll","background-type":"","background-media":"","overlay-type":"","overlay-color":"","overlay-opacity":"","overlay-gradient":""}},"footnotes":""},"class_list":["post-508","page","type-page","status-publish","hentry"],"yoast_head":"<!-- This site is optimized with the Yoast SEO plugin v27.4 - https:\/\/yoast.com\/product\/yoast-seo-wordpress\/ -->\n<title>Ota yhteytt\u00e4 - kemora<\/title>\n<meta name=\"robots\" content=\"index, follow, max-snippet:-1, max-image-preview:large, max-video-preview:-1\" \/>\n<link rel=\"canonical\" href=\"https:\/\/kemora.fi\/?page_id=508\" \/>\n<meta property=\"og:locale\" content=\"fi_FI\" \/>\n<meta property=\"og:type\" content=\"article\" \/>\n<meta property=\"og:title\" content=\"Ota yhteytt\u00e4 - kemora\" \/>\n<meta property=\"og:description\" content=\"Ota yhteytt\u00e4 YHTEYSTIEDOT KEMORAN MOOTTORIRATA Kemorantie\u00a0161,69750 VETELIy-tunnus 2616096-9 Verkkolaskuna\u00a0\u00a0003726160969Verkkolaskujen v\u00e4litt\u00e4j\u00e4\u00a0 003708599126 (OpenText)\u00a0 RADAT, PALVELUT JA HALLINTO Juha-Pekka Lipponenjuha-pekka.lipponen@kemora.fi 044 540 3219 Kemoran moottoriradan ravintola palvelee Kemoran tapahtumissa sek\u00e4 tilauksesta! ravintola@hevideli.fijenni@hevideli.fi045 219 2869\" \/>\n<meta property=\"og:url\" content=\"https:\/\/kemora.fi\/?page_id=508\" \/>\n<meta property=\"og:site_name\" content=\"kemora\" \/>\n<meta property=\"article:modified_time\" content=\"2026-04-01T16:10:22+00:00\" \/>\n<meta name=\"twitter:card\" content=\"summary_large_image\" \/>\n<meta name=\"twitter:label1\" content=\"Arvioitu lukuaika\" \/>\n\t<meta name=\"twitter:data1\" content=\"1 minuutti\" \/>\n<script type=\"application\/ld+json\" class=\"yoast-schema-graph\">{\"@context\":\"https:\\\/\\\/schema.org\",\"@graph\":[{\"@type\":\"WebPage\",\"@id\":\"https:\\\/\\\/kemora.fi\\\/?page_id=508\",\"url\":\"https:\\\/\\\/kemora.fi\\\/?page_id=508\",\"name\":\"Ota yhteytt\u00e4 - kemora\",\"isPartOf\":{\"@id\":\"https:\\\/\\\/kemora.fi\\\/#website\"},\"datePublished\":\"2025-06-17T18:28:12+00:00\",\"dateModified\":\"2026-04-01T16:10:22+00:00\",\"breadcrumb\":{\"@id\":\"https:\\\/\\\/kemora.fi\\\/?page_id=508#breadcrumb\"},\"inLanguage\":\"fi\",\"potentialAction\":[{\"@type\":\"ReadAction\",\"target\":[\"https:\\\/\\\/kemora.fi\\\/?page_id=508\"]}]},{\"@type\":\"BreadcrumbList\",\"@id\":\"https:\\\/\\\/kemora.fi\\\/?page_id=508#breadcrumb\",\"itemListElement\":[{\"@type\":\"ListItem\",\"position\":1,\"name\":\"Home\",\"item\":\"https:\\\/\\\/kemora.fi\\\/\"},{\"@type\":\"ListItem\",\"position\":2,\"name\":\"Ota yhteytt\u00e4\"}]},{\"@type\":\"WebSite\",\"@id\":\"https:\\\/\\\/kemora.fi\\\/#website\",\"url\":\"https:\\\/\\\/kemora.fi\\\/\",\"name\":\"kemora\",\"description\":\"Moottorirata Keskipohjanmaalla\",\"publisher\":{\"@id\":\"https:\\\/\\\/kemora.fi\\\/#organization\"},\"potentialAction\":[{\"@type\":\"SearchAction\",\"target\":{\"@type\":\"EntryPoint\",\"urlTemplate\":\"https:\\\/\\\/kemora.fi\\\/?s={search_term_string}\"},\"query-input\":{\"@type\":\"PropertyValueSpecification\",\"valueRequired\":true,\"valueName\":\"search_term_string\"}}],\"inLanguage\":\"fi\"},{\"@type\":\"Organization\",\"@id\":\"https:\\\/\\\/kemora.fi\\\/#organization\",\"name\":\"Kemora\",\"url\":\"https:\\\/\\\/kemora.fi\\\/\",\"logo\":{\"@type\":\"ImageObject\",\"inLanguage\":\"fi\",\"@id\":\"https:\\\/\\\/kemora.fi\\\/#\\\/schema\\\/logo\\\/image\\\/\",\"url\":\"https:\\\/\\\/kemora.fi\\\/wp-content\\\/uploads\\\/2025\\\/06\\\/kemora-ei-taustaa.webp\",\"contentUrl\":\"https:\\\/\\\/kemora.fi\\\/wp-content\\\/uploads\\\/2025\\\/06\\\/kemora-ei-taustaa.webp\",\"width\":788,\"height\":638,\"caption\":\"Kemora\"},\"image\":{\"@id\":\"https:\\\/\\\/kemora.fi\\\/#\\\/schema\\\/logo\\\/image\\\/\"}}]}<\/script>\n<!-- \/ Yoast SEO plugin. -->","yoast_head_json":{"title":"Ota yhteytt\u00e4 - kemora","robots":{"index":"index","follow":"follow","max-snippet":"max-snippet:-1","max-image-preview":"max-image-preview:large","max-video-preview":"max-video-preview:-1"},"canonical":"https:\/\/kemora.fi\/?page_id=508","og_locale":"fi_FI","og_type":"article","og_title":"Ota yhteytt\u00e4 - kemora","og_description":"Ota yhteytt\u00e4 YHTEYSTIEDOT KEMORAN MOOTTORIRATA Kemorantie\u00a0161,69750 VETELIy-tunnus 2616096-9 Verkkolaskuna\u00a0\u00a0003726160969Verkkolaskujen v\u00e4litt\u00e4j\u00e4\u00a0 003708599126 (OpenText)\u00a0 RADAT, PALVELUT JA HALLINTO Juha-Pekka Lipponenjuha-pekka.lipponen@kemora.fi 044 540 3219 Kemoran moottoriradan ravintola palvelee Kemoran tapahtumissa sek\u00e4 tilauksesta! ravintola@hevideli.fijenni@hevideli.fi045 219 2869","og_url":"https:\/\/kemora.fi\/?page_id=508","og_site_name":"kemora","article_modified_time":"2026-04-01T16:10:22+00:00","twitter_card":"summary_large_image","twitter_misc":{"Arvioitu lukuaika":"1 minuutti"},"schema":{"@context":"https:\/\/schema.org","@graph":[{"@type":"WebPage","@id":"https:\/\/kemora.fi\/?page_id=508","url":"https:\/\/kemora.fi\/?page_id=508","name":"Ota yhteytt\u00e4 - kemora","isPartOf":{"@id":"https:\/\/kemora.fi\/#website"},"datePublished":"2025-06-17T18:28:12+00:00","dateModified":"2026-04-01T16:10:22+00:00","breadcrumb":{"@id":"https:\/\/kemora.fi\/?page_id=508#breadcrumb"},"inLanguage":"fi","potentialAction":[{"@type":"ReadAction","target":["https:\/\/kemora.fi\/?page_id=508"]}]},{"@type":"BreadcrumbList","@id":"https:\/\/kemora.fi\/?page_id=508#breadcrumb","itemListElement":[{"@type":"ListItem","position":1,"name":"Home","item":"https:\/\/kemora.fi\/"},{"@type":"ListItem","position":2,"name":"Ota yhteytt\u00e4"}]},{"@type":"WebSite","@id":"https:\/\/kemora.fi\/#website","url":"https:\/\/kemora.fi\/","name":"kemora","description":"Moottorirata Keskipohjanmaalla","publisher":{"@id":"https:\/\/kemora.fi\/#organization"},"potentialAction":[{"@type":"SearchAction","target":{"@type":"EntryPoint","urlTemplate":"https:\/\/kemora.fi\/?s={search_term_string}"},"query-input":{"@type":"PropertyValueSpecification","valueRequired":true,"valueName":"search_term_string"}}],"inLanguage":"fi"},{"@type":"Organization","@id":"https:\/\/kemora.fi\/#organization","name":"Kemora","url":"https:\/\/kemora.fi\/","logo":{"@type":"ImageObject","inLanguage":"fi","@id":"https:\/\/kemora.fi\/#\/schema\/logo\/image\/","url":"https:\/\/kemora.fi\/wp-content\/uploads\/2025\/06\/kemora-ei-taustaa.webp","contentUrl":"https:\/\/kemora.fi\/wp-content\/uploads\/2025\/06\/kemora-ei-taustaa.webp","width":788,"height":638,"caption":"Kemora"},"image":{"@id":"https:\/\/kemora.fi\/#\/schema\/logo\/image\/"}}]}},"_links":{"self":[{"href":"https:\/\/kemora.fi\/index.php?rest_route=\/wp\/v2\/pages\/508","targetHints":{"allow":["GET"]}}],"collection":[{"href":"https:\/\/kemora.fi\/index.php?rest_route=\/wp\/v2\/pages"}],"about":[{"href":"https:\/\/kemora.fi\/index.php?rest_route=\/wp\/v2\/types\/page"}],"author":[{"embeddable":true,"href":"https:\/\/kemora.fi\/index.php?rest_route=\/wp\/v2\/users\/1"}],"replies":[{"embeddable":true,"href":"https:\/\/kemora.fi\/index.php?rest_route=%2Fwp%2Fv2%2Fcomments&post=508"}],"version-history":[{"count":20,"href":"https:\/\/kemora.fi\/index.php?rest_route=\/wp\/v2\/pages\/508\/revisions"}],"predecessor-version":[{"id":1430,"href":"https:\/\/kemora.fi\/index.php?rest_route=\/wp\/v2\/pages\/508\/revisions\/1430"}],"wp:attachment":[{"href":"https:\/\/kemora.fi\/index.php?rest_route=%2Fwp%2Fv2%2Fmedia&parent=508"}],"curies":[{"name":"wp","href":"https:\/\/api.w.org\/{rel}","templated":true}]}}